{"id":138,"date":"2018-06-13T04:52:21","date_gmt":"2018-06-13T04:52:21","guid":{"rendered":"http:\/\/localhost\/wordpress\/?page_id=138"},"modified":"2023-04-21T20:53:48","modified_gmt":"2023-04-21T20:53:48","slug":"programa-intermediacion-laboral","status":"publish","type":"page","link":"https:\/\/www.ceam.cl\/web\/programa-intermediacion-laboral\/","title":{"rendered":"Programa Intermediaci\u00f3n Laboral"},"content":{"rendered":"<p class=\"s3\"><span class=\"s2\"><span class=\"bumpedFont20\">1.- Breve desarrollo en que consiste el programa<\/span><\/span><\/p>\n<p class=\"s3\">\n<p class=\"s5\"><span class=\"s4\"><span class=\"bumpedFont20\">El <\/span><\/span><span class=\"s4\"><span class=\"bumpedFont20\">Programa de Intermediaci\u00f3n Laboral<\/span><\/span><span class=\"s4\"><span class=\"bumpedFont20\"> est\u00e1<\/span><\/span><span class=\"s4\"><span class=\"bumpedFont20\"> dirigido a j\u00f3venes que han infringido la ley penal y que han sido ingresados en centros y programas ejecutores de sanciones en el marco de la ley 20.084, y aquellos j\u00f3venes a quienes se aplic\u00f3 una Suspensi\u00f3n Condicional del procedimiento suspendidos e ingresaron a Programas de Salidas Alternativas. Busca complementar la atenci\u00f3n brindada por estos programas, con miras a promover una inserci\u00f3n social efectiva de los<\/span><\/span><span class=\"s4\"><span class=\"bumpedFont20\"> y las<\/span><\/span><span class=\"s4\"><span class=\"bumpedFont20\"> j\u00f3venes, mediante una intervenci\u00f3n espec\u00edfica que considere como foco clave de su acci\u00f3n el acceso al empleo de calidad, lo cual debiera impactar en el proceso de desistimiento delictivo. <\/span><\/span><\/p>\n<p class=\"s3\"><span class=\"s2\"><span class=\"bumpedFont20\">2.- Periodo de vigencia<\/span><\/span><\/p>\n<p class=\"s3\"><span class=\"s4\"><span class=\"bumpedFont20\">Junio 2017 a <\/span><\/span><span class=\"s4\"><span class=\"bumpedFont20\">Mayo<\/span><\/span><span class=\"s4\"><span class=\"bumpedFont20\"> 2020 (3 a\u00f1os)<\/span><\/span><\/p>\n<p class=\"s3\"><span class=\"s2\"><span class=\"bumpedFont20\">3.- Cantidad de plazas convenidas, pero tambi\u00e9n hacer alusi\u00f3n a la posibilidad de la sobre atenci\u00f3n es sugerida esta parte, pero no en n\u00famero\u00a0<\/span><\/span><span class=\"s4\"><span class=\"bumpedFont20\">25 plazas convenidas a nivel regional (sin posibilidad de tener sobre<\/span><\/span> <span class=\"s4\"><span class=\"bumpedFont20\">atenciones).<\/span><\/span><\/p>\n<p class=\"s3\"><span class=\"s2\"><span class=\"bumpedFont20\">4.- equipo de trabajo seg\u00fan licitaci\u00f3n sin nombres de profesionales y que funci\u00f3n cumple a grandes rasgos<\/span><\/span><\/p>\n<p class=\"s5\"><span class=\"s2\"><span class=\"bumpedFont20\">Directora<\/span><\/span><span class=\"s2\"><span class=\"bumpedFont20\">: \u00a0 <\/span><\/span><span class=\"s4\"><span class=\"bumpedFont20\">Gestiona y vela por el correcto y eficiente funcionamiento del programa, con est\u00e1ndares de cali<\/span><\/span><span class=\"s4\"><span class=\"bumpedFont20\">dad, <\/span><\/span><span class=\"s4\"><span class=\"bumpedFont20\">r<\/span><\/span><span class=\"s4\"><span class=\"bumpedFont20\">epresent\u00e1ndolo con<\/span><\/span><span class=\"s4\"><span class=\"bumpedFont20\"> Instituciones y Empresas, Sename <\/span><\/span><span class=\"s4\"><span class=\"bumpedFont20\">y otras instancias de la red. Coordina<\/span><\/span><span class=\"s4\"><span class=\"bumpedFont20\"> al equipo t\u00e9cnico en la planificaci\u00f3n, ejecuci\u00f3n y evaluaci\u00f3n de los estados de avance del proyecto.<\/span><\/span><\/p>\n<p class=\"s3\">\u00a0<span class=\"s2\"><span class=\"bumpedFont20\">Gestor de redes: <\/span><\/span><span class=\"s4\"><span class=\"bumpedFont20\">Estructura un plan de acci\u00f3n en el \u00e1rea de redes que permita coordinar y visitar empresas a nivel regional, a fin de mantener informaci\u00f3n actualizada de instituciones, empresas p\u00fablicas y\/o privados respecto oferta laboral, capacitaciones y redes pertinentes a la demanda<\/span><\/span><span class=\"s4\"><span class=\"bumpedFont20\">.<\/span><\/span><\/p>\n<p class=\"s5\"><span class=\"s2\"><span class=\"bumpedFont20\">Asesor Laboral<\/span><\/span><span class=\"s2\"><span class=\"bumpedFont20\">: <\/span><\/span><span class=\"s4\"><span class=\"bumpedFont20\">Realiza dise\u00f1o, ejecuci\u00f3n y seguimiento de la intervenci\u00f3n en usuarios<\/span><\/span><span class=\"s4\"><span class=\"bumpedFont20\">\/as<\/span><\/span><span class=\"s4\"><span class=\"bumpedFont20\">.<\/span><\/span><span class=\"s4\"><span class=\"bumpedFont20\"> Articula<\/span><\/span><span class=\"s4\"><span class=\"bumpedFont20\">acuerdos c<\/span><\/span><span class=\"s4\"><span class=\"bumpedFont20\">on las redes de empleo laboral y c<\/span><\/span><span class=\"s4\"><span class=\"bumpedFont20\">oordina con servicios especializados de <\/span><\/span><span class=\"s4\"><span class=\"bumpedFont20\">atenci\u00f3n en casos espec\u00edficos. Monitorea procesos de seguimiento.<\/span><\/span><\/p>\n<p class=\"s5\"><span class=\"s2\"><span class=\"bumpedFont20\">Secretaria:<\/span><\/span> <span class=\"s4\"><span class=\"bumpedFont20\">Gestionar las finanzas menores dentro del programa y apoya el proyecto que implementa el programa de acuerdo a las ordenanzas que entrega la direcci\u00f3n.<\/span><\/span><\/p>\n<p class=\"s3\">\u00a0<span class=\"s2\"><span class=\"bumpedFont20\">5.- Nombre de directora o director completo y correo electr\u00f3nico del programa y directora, tel\u00e9fono y direcci\u00f3n.<\/span><\/span><\/p>\n<p>Directora: Claudia Morales Carri\u00f3n<\/p>\n<p>Mail: <a href=\"mailto:directorapil@ceam.cl\"><span class=\"s6\">directorapil<\/span><span class=\"s6\">@ceam.<\/span><span class=\"s6\">cl<\/span><\/a><\/p>\n<p>Mail del programa: <a href=\"mailto:pil@ceam.cl\"><span class=\"s6\">pil<\/span><span class=\"s6\">@<\/span><span class=\"s6\">ceam.cl<\/span><\/a><\/p>\n<p>Direcci\u00f3n: 2 poniente, 1 y 2 norte #1240\u00a0Talca<\/p>\n<p style=\"font-weight: 400;\">\n<p style=\"font-weight: 400;\">\n","protected":false},"excerpt":{"rendered":"<p>1.- Breve desarrollo en que consiste el programa El Programa de Intermediaci\u00f3n Laboral est\u00e1 dirigido a j\u00f3venes que han infringido la ley penal y que han sido ingresados en centros [&hellip;]<\/p>\n","protected":false},"author":1,"featured_media":0,"parent":0,"menu_order":0,"comment_status":"closed","ping_status":"closed","template":"","meta":[],"_links":{"self":[{"href":"https:\/\/www.ceam.cl\/web\/wp-json\/wp\/v2\/pages\/138"}],"collection":[{"href":"https:\/\/www.ceam.cl\/web\/wp-json\/wp\/v2\/pages"}],"about":[{"href":"https:\/\/www.ceam.cl\/web\/wp-json\/wp\/v2\/types\/page"}],"author":[{"embeddable":true,"href":"https:\/\/www.ceam.cl\/web\/wp-json\/wp\/v2\/users\/1"}],"replies":[{"embeddable":true,"href":"https:\/\/www.ceam.cl\/web\/wp-json\/wp\/v2\/comments?post=138"}],"version-history":[{"count":3,"href":"https:\/\/www.ceam.cl\/web\/wp-json\/wp\/v2\/pages\/138\/revisions"}],"predecessor-version":[{"id":1610,"href":"https:\/\/www.ceam.cl\/web\/wp-json\/wp\/v2\/pages\/138\/revisions\/1610"}],"wp:attachment":[{"href":"https:\/\/www.ceam.cl\/web\/wp-json\/wp\/v2\/media?parent=138"}],"curies":[{"name":"wp","href":"https:\/\/api.w.org\/{rel}","templated":true}]}}