{"id":1960,"date":"2024-07-29T01:15:03","date_gmt":"2024-07-29T01:15:03","guid":{"rendered":"https:\/\/www.ceam.cl\/web\/?page_id=1960"},"modified":"2025-09-16T12:36:17","modified_gmt":"2025-09-16T12:36:17","slug":"programa-de-acompanamiento-familiar-territorial-y-prevencion-focalizada-remolino-talca","status":"publish","type":"page","link":"https:\/\/www.ceam.cl\/web\/programa-de-acompanamiento-familiar-territorial-y-prevencion-focalizada-remolino-talca\/","title":{"rendered":"Programa De Acompa\u00f1amiento Familiar Territorial Y Prevenci\u00f3n Focalizada Remolino &#8211; Talca"},"content":{"rendered":"\n<p style=\"text-align:justify\">El Programa de Acompa\u00f1amiento Territorial est\u00e1 dirigido a la intervenci\u00f3n a ni\u00f1os, ni\u00f1as y adolescentes en situaci\u00f3n de desprotecci\u00f3n inicial e intermedia, que cuenten con familia o adulto a cargo del cuidado para realizar un proceso terap\u00e9utico y de fortalecimiento de sus v\u00ednculos, a cargo de acompa\u00f1antes terap\u00e9uticos, Trabajador Social y Psic\u00f3logo.<\/p>\n\n\n\n<p style=\"text-align:justify\">El Programa de Prevenci\u00f3n Focalizada, desarrolla acciones que favorezcan el fortalecimiento de las potencialidades, del ni\u00f1o, ni\u00f1a o adolescente, de sus hermanos (si existen) de sus familias o figuras de cuidados, orientado al desarrollo de habilidades y factores protectores que favorezcan su protecci\u00f3n integral, que se encuentra a cargo de Gestores Territoriales.<\/p>\n\n\n\n<p>Ambos programas conforman un Modelo Integrado de Intervenci\u00f3n que cuenta con:<\/p>\n\n\n\n<ul>\n<li><strong>Director\/a<\/strong>: Ana Karen Estefania Fern\u00e1ndez Vilches \u2013 Rut 17.497.578-7 \u2013 Trabajadora Social<\/li>\n\n\n\n<li><strong>Jefe T\u00e9cnico<\/strong>: Cristian Esteban Aravena Castro \u2013 Rut 15.134.898-k &#8211; Psic\u00f3logo<\/li>\n\n\n\n<li><strong>Acompa\u00f1antes terap\u00e9uticos:<\/strong><\/li>\n<\/ul>\n\n\n\n<p>Camila Guerrero Mu\u00f1oz \u2013 Rut 19.472.078-5 \u2013 Trabajadora Social<\/p>\n\n\n\n<p>Nicol Andrea Maureira Fern\u00e1ndez \u2013 Rut 18.657.269-6 \u2013 Psic\u00f3loga<\/p>\n\n\n\n<p>Catalina Gabriela Bravo Salazar \u2013 Rut 15.599.588- 2 &#8211; Psic\u00f3loga<\/p>\n\n\n\n<p>Madeleine Paola Arriagada Eyzaguirre \u2013 Rut 17.185.237-7 &#8211; Licenciada Trabajo Social<\/p>\n\n\n\n<p>Emilia Antonia Silva Ceura \u2013 Rut 19.526.136-9 \u2013 Psic\u00f3loga<\/p>\n\n\n\n<p>Marjorie Estefani Lucumilla Fuentes \u2013 Rut 20.186.986-2 &#8211; Asistente Social<\/p>\n\n\n\n<p>Marcela Viviana Ram\u00edrez Albornoz \u2013 Rut 11.174.927-2 &#8211; Asistente social<\/p>\n\n\n\n<p>Aida Antonia Castillo Castillo \u2013 Rut 14.331.222-4 \u2013 Trabajadora Social<\/p>\n\n\n\n<p>Gerlin Crhishna Loyola L\u00f3pez \u2013 Rut 20.170.306-9 \u2013 Psic\u00f3loga<\/p>\n\n\n\n<p>Nicole Andrea Gonz\u00e1lez Sanhueza \u2013 Rut 17.685.156-2 \u2013 Asistente Social<\/p>\n\n\n\n<p>Rene David P\u00e9rez Rojas \u2013 Rut 14.081.518-7 \u2013 Psic\u00f3logo<\/p>\n\n\n\n<p>Ignacio Andr\u00e9s Espinoza Rodr\u00edguez \u2013 Rut 18.692.636-6- Psic\u00f3logo<\/p>\n\n\n\n<ul>\n<li><strong>Gestores territoriales:<\/strong><\/li>\n<\/ul>\n\n\n\n<p>Constanza Catalina Berrios Loyola \u2013 Rut 19.696.965-9 \u2013 Asistente social<\/p>\n\n\n\n<p>Paola Andrea Ibarra Varela \u2013 Rut 15.907.349- 1 -Trabajadora Social<\/p>\n\n\n\n<p>M\u00f3nica Rocio Bravo Y\u00e1\u00f1ez \u2013 Rut 12.421.950-7 &#8211; Asistente social<\/p>\n\n\n\n<ul>\n<li><strong>Personal Administrativo:<\/strong><\/li>\n<\/ul>\n\n\n\n<p>Marlene Petronila C\u00e9spedes N\u00fa\u00f1ez \u2013 Rut 9.460.917-8 \u2013 secretaria Administrativa<\/p>\n\n\n\n<p>Actualmente el Programa Remolino se encuentra ubicado en 5 sur 5 y 6 oriente 1254, Talca.<\/p>\n\n\n\n<p>Cuenta con 122 ni\u00f1os, ni\u00f1as y adolescentes ingresados.<\/p>\n\n\n\n<p style=\"text-align:justify\">El periodo de vigencia del programa actual es desde enero 2024 a marzo 2026. (2 a\u00f1os 3 meses)<\/p>\n\n\n\n<p style=\"text-align:justify\">Su directora es Ana Fern\u00e1ndez Vilches quien dirige el programa desde su apertura en el mes de enero del 2024.<\/p>\n\n\n\n<p style=\"text-align:justify\">El equipo se encuentra conformado por 6 duplas psicosociales y 3 gestores territoriales (profesionales del \u00e1rea de las ciencias sociales), secretaria y personal de aseo.<\/p>\n\n\n\n<p><strong>Datos de contacto del programa:<\/strong><\/p>\n\n\n\n<p><a href=\"mailto:aftpfremolino@ceam.cl\">aftpfremolino@ceam.cl<\/a>&nbsp; &#8211; <a href=\"mailto:directoraaftpfremolino@ceam.cl\">directoraaftpfremolino@ceam.cl<\/a><\/p>\n\n\n\n<p>+56941742640&nbsp;&nbsp; Celular<\/p>\n\n\n\n<p>712-211087 Red Fija<\/p>\n","protected":false},"excerpt":{"rendered":"<p>El Programa de Acompa\u00f1amiento Territorial est\u00e1 dirigido a la intervenci\u00f3n a ni\u00f1os, ni\u00f1as y adolescentes en situaci\u00f3n de desprotecci\u00f3n inicial e intermedia, que cuenten con familia o adulto a cargo [&hellip;]<\/p>\n","protected":false},"author":1,"featured_media":0,"parent":0,"menu_order":0,"comment_status":"closed","ping_status":"closed","template":"","meta":[],"_links":{"self":[{"href":"https:\/\/www.ceam.cl\/web\/wp-json\/wp\/v2\/pages\/1960"}],"collection":[{"href":"https:\/\/www.ceam.cl\/web\/wp-json\/wp\/v2\/pages"}],"about":[{"href":"https:\/\/www.ceam.cl\/web\/wp-json\/wp\/v2\/types\/page"}],"author":[{"embeddable":true,"href":"https:\/\/www.ceam.cl\/web\/wp-json\/wp\/v2\/users\/1"}],"replies":[{"embeddable":true,"href":"https:\/\/www.ceam.cl\/web\/wp-json\/wp\/v2\/comments?post=1960"}],"version-history":[{"count":8,"href":"https:\/\/www.ceam.cl\/web\/wp-json\/wp\/v2\/pages\/1960\/revisions"}],"predecessor-version":[{"id":2465,"href":"https:\/\/www.ceam.cl\/web\/wp-json\/wp\/v2\/pages\/1960\/revisions\/2465"}],"wp:attachment":[{"href":"https:\/\/www.ceam.cl\/web\/wp-json\/wp\/v2\/media?parent=1960"}],"curies":[{"name":"wp","href":"https:\/\/api.w.org\/{rel}","templated":true}]}}