{"id":1965,"date":"2024-07-29T01:19:22","date_gmt":"2024-07-29T01:19:22","guid":{"rendered":"https:\/\/www.ceam.cl\/web\/?page_id=1965"},"modified":"2025-09-16T12:33:58","modified_gmt":"2025-09-16T12:33:58","slug":"programa-de-acompanamiento-familiar-territorial-y-prevencion-focalizada-relmu-talca","status":"publish","type":"page","link":"https:\/\/www.ceam.cl\/web\/programa-de-acompanamiento-familiar-territorial-y-prevencion-focalizada-relmu-talca\/","title":{"rendered":"Programa De Acompa\u00f1amiento Familiar Territorial Y Prevenci\u00f3n Focalizada Relmu &#8211; Talca"},"content":{"rendered":"\n<p style=\"text-align:justify\">El Programa de Acompa\u00f1amiento Territorial est\u00e1 dirigido a la intervenci\u00f3n a ni\u00f1os, ni\u00f1as y adolescentes en situaci\u00f3n de desprotecci\u00f3n inicial e intermedia, que cuenten con familia o adulto a cargo del cuidado para realizar un proceso terap\u00e9utico y de fortalecimiento de sus v\u00ednculos, a cargo de acompa\u00f1antes terap\u00e9uticos, Trabajador Social y Psic\u00f3logo.<\/p>\n\n\n\n<p style=\"text-align:justify\">El Programa de Prevenci\u00f3n Focalizada, desarrolla acciones que favorezcan el fortalecimiento de las potencialidades, del ni\u00f1o, ni\u00f1a o adolescente, de sus hermanos (si existen) de sus familias o figuras de cuidados, orientado al desarrollo de habilidades y factores protectores que favorezcan su protecci\u00f3n integral, que se encuentra a cargo de Gestores Territoriales.<\/p>\n\n\n\n<p>Ambos programas conforman un Modelo Integrado de Intervenci\u00f3n que cuenta con:<\/p>\n\n\n\n<ul>\n<li><strong>Director\/a:<\/strong> Sylvia Beatriz Albornoz Albornoz \u2013 Rut 11560916-5 \u2013 Asistente Social<\/li>\n\n\n\n<li><strong>Jefatura T\u00e9cnica:<\/strong> Francisca Javiera Verdugo Arellano &#8211; Psic\u00f3loga<\/li>\n\n\n\n<li><strong>Acompa\u00f1antes terap\u00e9uticos:<\/strong><\/li>\n<\/ul>\n\n\n\n<p>Edgardo Alonso Hormaz\u00e1bal Espinoza \u2013 Rut 14019169-8 \u2013 Psic\u00f3logo<\/p>\n\n\n\n<p>Paola Loreto Mart\u00ednez Y\u00e1\u00f1ez \u2013 Rut 15136763-1 &#8211; Asistente Social<\/p>\n\n\n\n<p>Catalina Victoria Mestre Aravena \u2013 Rut 17495071-7 \u2013 Psic\u00f3loga<\/p>\n\n\n\n<p>Mar\u00eda Jes\u00fas Payeras Fern\u00e1ndez \u2013 Rut 19106168-3 \u2013 Psic\u00f3loga<\/p>\n\n\n\n<p>Evelyn V\u00e1squez Miqueiro \u2013 Rut 19456800-2 &#8211; Asistente Social<\/p>\n\n\n\n<p>Mar\u00eda Jos\u00e9 Arangue P\u00e9rez \u2013 Rut 19990960-6 &#8211; Asistente Social<\/p>\n\n\n\n<p>Maria Cristina Rosson Villalobos \u2013 Rut 19575727-5 \u2013 Asistente social<\/p>\n\n\n\n<p>Karina Nicol Jara Olave \u2013 Rut 18.349.724-3 &#8211; Licenciada en Trabajo Social<\/p>\n\n\n\n<p>Yenifer Monserrat Leite Rivera \u2013 Rut 16.730.028-6 &#8211; Psic\u00f3loga<\/p>\n\n\n\n<ul>\n<li><strong>Gestores territoriales:<\/strong><\/li>\n<\/ul>\n\n\n\n<p>Aracely Isidora Gelvez Rojas \u2013 Rut 20.171.028-6 &#8211; Asistente social<\/p>\n\n\n\n<p>Pamela del Rosario Pereira Pereira \u2013 Rut 14.016.620-0 \u2013 Asistente Social<\/p>\n\n\n\n<ul>\n<li><strong>Personal Administrativo:<\/strong><\/li>\n<\/ul>\n\n\n\n<p>Jesabel Marian Pe\u00f1a Melgarejo \u2013 Rut 13950680-4 &nbsp;\u2013 T\u00e9cnico en Administraci\u00f3n de Empresas<\/p>\n\n\n\n<ul>\n<li>Auxiliar de Aseo:<\/li>\n<\/ul>\n\n\n\n<p>Yessica de Carmen Villaseca Morales \u2013 Rut 13.949.895-k<\/p>\n\n\n\n<p>Actualmente el Programa Relmu se encuentra ubicado en 4 sur entre 6 y 7 oriente N\u00b01383, Talca.<\/p>\n\n\n\n<p>Cuenta con 110 ni\u00f1os, ni\u00f1as y adolescentes ingresados.<\/p>\n\n\n\n<p>El periodo de vigencia del programa actual es desde enero 2024 a marzo 2026. (2 a\u00f1os 3 meses)<\/p>\n\n\n\n<p style=\"text-align:justify\">Su directora es Sylvia Albornoz Albornoz quien dirige el programa desde su apertura en el mes de enero del 2024.<\/p>\n\n\n\n<p style=\"text-align:justify\">El equipo se encuentra conformado por 5 duplas psicosociales y 2 gestores territoriales (profesionales del \u00e1rea de las ciencias sociales), secretaria y personal de aseo.<\/p>\n\n\n\n<p><strong>Datos de contacto del programa:<\/strong><\/p>\n\n\n\n<p><a href=\"mailto:aftpfrelmu@ceam.cl\">aftpfrelmu@ceam.cl<\/a>&nbsp; &#8211; <a href=\"mailto:directoraaftpfrelmu@ceam.cl\">directoraaftpfrelmu@ceam.cl<\/a><\/p>\n\n\n\n<p>+56978531930&nbsp;&nbsp; Celular<\/p>\n\n\n\n<p>+ 56233606865 Red Fija<\/p>\n","protected":false},"excerpt":{"rendered":"<p>El Programa de Acompa\u00f1amiento Territorial est\u00e1 dirigido a la intervenci\u00f3n a ni\u00f1os, ni\u00f1as y adolescentes en situaci\u00f3n de desprotecci\u00f3n inicial e intermedia, que cuenten con familia o adulto a cargo [&hellip;]<\/p>\n","protected":false},"author":1,"featured_media":0,"parent":0,"menu_order":0,"comment_status":"closed","ping_status":"closed","template":"","meta":[],"_links":{"self":[{"href":"https:\/\/www.ceam.cl\/web\/wp-json\/wp\/v2\/pages\/1965"}],"collection":[{"href":"https:\/\/www.ceam.cl\/web\/wp-json\/wp\/v2\/pages"}],"about":[{"href":"https:\/\/www.ceam.cl\/web\/wp-json\/wp\/v2\/types\/page"}],"author":[{"embeddable":true,"href":"https:\/\/www.ceam.cl\/web\/wp-json\/wp\/v2\/users\/1"}],"replies":[{"embeddable":true,"href":"https:\/\/www.ceam.cl\/web\/wp-json\/wp\/v2\/comments?post=1965"}],"version-history":[{"count":8,"href":"https:\/\/www.ceam.cl\/web\/wp-json\/wp\/v2\/pages\/1965\/revisions"}],"predecessor-version":[{"id":2463,"href":"https:\/\/www.ceam.cl\/web\/wp-json\/wp\/v2\/pages\/1965\/revisions\/2463"}],"wp:attachment":[{"href":"https:\/\/www.ceam.cl\/web\/wp-json\/wp\/v2\/media?parent=1965"}],"curies":[{"name":"wp","href":"https:\/\/api.w.org\/{rel}","templated":true}]}}