{"id":1971,"date":"2024-07-29T01:23:09","date_gmt":"2024-07-29T01:23:09","guid":{"rendered":"https:\/\/www.ceam.cl\/web\/?page_id=1971"},"modified":"2025-09-16T12:31:17","modified_gmt":"2025-09-16T12:31:17","slug":"programa-de-acompanamiento-familiar-territorial-y-prevencion-focalizada-nahuen-san-clemente","status":"publish","type":"page","link":"https:\/\/www.ceam.cl\/web\/programa-de-acompanamiento-familiar-territorial-y-prevencion-focalizada-nahuen-san-clemente\/","title":{"rendered":"Programa De Acompa\u00f1amiento Familiar Territorial Y Prevenci\u00f3n Focalizada Nahuen San Clemente"},"content":{"rendered":"\n<p style=\"text-align:justify\">El Programa de Acompa\u00f1amiento Territorial est\u00e1 dirigido a la intervenci\u00f3n a ni\u00f1os, ni\u00f1as y adolescentes en situaci\u00f3n de desprotecci\u00f3n inicial e intermedia, que cuenten con familia o adulto a cargo del cuidado para realizar un proceso terap\u00e9utico y de fortalecimiento de sus v\u00ednculos, a cargo de acompa\u00f1antes terap\u00e9uticos, Trabajador Social y Psic\u00f3logo.<\/p>\n\n\n\n<p style=\"text-align:justify\">El Programa de Prevenci\u00f3n Focaliza, desarrolla acciones que favorezcan el fortalecimiento de las potencialidades, del ni\u00f1o, ni\u00f1a o adolescente, de sus hermanos (si existen) de sus familias o figuras de cuidados, orientado al desarrollo de habilidades y factores protectores que favorezcan su protecci\u00f3n integral, que se encuentra a cargo de Gestores Territoriales.<\/p>\n\n\n\n<p>Ambos programas conforman un Modelo Integrado de Intervenci\u00f3n que cuenta con:<\/p>\n\n\n\n<ul>\n<li><strong>Director\/a:<\/strong> Patricia del Carmen Bravo Escalona \u2013 Rut 16.505.878-K &#8211; Psic\u00f3loga<\/li>\n\n\n\n<li><strong>Acompa\u00f1antes terap\u00e9uticos:<\/strong><\/li>\n<\/ul>\n\n\n\n<p>Leslye Vanessa Vallejos Saavedra \u2013 Rut 18.891.937-5 \u2013 Asistente Social<\/p>\n\n\n\n<p>Andrea Paz Arenas Alarc\u00f3n \u2013 Rut 19.698.012-1 &#8211; Trabajadora Social<\/p>\n\n\n\n<p>Diego Andr\u00e9s Bravo Orellana \u2013 Rut 19.474.886-8 &#8211; Trabajador Social<\/p>\n\n\n\n<p>Myriam Alejandra Villalobos Lillo \u2013 Rut 17.494.636-1 \u2013 Psic\u00f3loga<\/p>\n\n\n\n<p>Mar\u00eda Joss\u00e9 Gonz\u00e1lez Norambuena \u2013 Rut 19.706.104-9 &#8211; Trabajadora Social<\/p>\n\n\n\n<p>Constanza Andrea Sep\u00falveda Verdugo \u2013 Rut 19.045.289-1 &#8211; Psic\u00f3loga<\/p>\n\n\n\n<p>Cristopher Andr\u00e9s Pereira Castillo \u2013 Rut 19.128.107-1 &#8211; Psic\u00f3logo<\/p>\n\n\n\n<p>Camila Angelica Rojas Morales \u2013 Rut 19.389.949-8 \u2013 Psic\u00f3loga<\/p>\n\n\n\n<p>Mar\u00eda Jos\u00e9 Lavinia Rojas Cornejo \u2013 Rut 19.696.496-7 &#8211; Psic\u00f3loga<\/p>\n\n\n\n<ul>\n<li><strong>Gestores territoriales:<\/strong><\/li>\n<\/ul>\n\n\n\n<p>Thiare Leandra Tapia Moya \u2013 Rut 20.056.471-5 \u2013 Trabajadora Social<\/p>\n\n\n\n<p>Paula Carolina Guti\u00e9rrez L\u00f3pez \u2013 Rut 19.807.196-K &#8211; Asistente social<\/p>\n\n\n\n<ul>\n<li><strong>Personal Administrativo:<\/strong><\/li>\n<\/ul>\n\n\n\n<p>Carol Francisca Montesinos Gonz\u00e1lez \u2013 Rut 17.932.650-7 &#8211; T\u00e9cnico social<\/p>\n\n\n\n<ul>\n<li><strong>Auxiliar de Aseo:<\/strong><\/li>\n<\/ul>\n\n\n\n<p>Jesenia Alejandra Espinoza Barrientos \u2013 Rut 17.321.780-3 \u2013 Tec. Nivel medio atenci\u00f3n de P\u00e1rvulos<\/p>\n\n\n\n<p style=\"text-align:justify\">Actualmente el Programa Nahuen se encuentra ubicado en Valles de San Clemente, calle Cerro Azul #1398, en la comuna de San Clemente<\/p>\n\n\n\n<p>Cuenta con 98 ni\u00f1os, ni\u00f1as y adolescentes ingresados.<\/p>\n\n\n\n<p>El periodo de vigencia del programa actual es desde enero 2024 a marzo 2026. (2 a\u00f1os 3 meses)<\/p>\n\n\n\n<p>Su directora es Patricia Bravo Escalona.<\/p>\n\n\n\n<p style=\"text-align:justify\">El equipo se encuentra conformado por 5 duplas psicosociales y 2 gestores territoriales (profesionales del \u00e1rea de las ciencias sociales), secretaria y personal de aseo.<\/p>\n\n\n\n<p><strong>Datos de contacto del programa:<\/strong><\/p>\n\n\n\n<p><a href=\"mailto:Aftpfnahuen@ceam.cl\">Aftpfnahuen@ceam.cl<\/a>&nbsp; &#8211; <a href=\"mailto:directoraaftpfnahuen@ceaml.cl\">directoraaftpfnahuen@ceaml.cl<\/a><\/p>\n\n\n\n<p>+56926913730&nbsp;&nbsp; Celular<\/p>\n\n\n\n<p>712-712980963 Red Fija<\/p>\n","protected":false},"excerpt":{"rendered":"<p>El Programa de Acompa\u00f1amiento Territorial est\u00e1 dirigido a la intervenci\u00f3n a ni\u00f1os, ni\u00f1as y adolescentes en situaci\u00f3n de desprotecci\u00f3n inicial e intermedia, que cuenten con familia o adulto a cargo [&hellip;]<\/p>\n","protected":false},"author":1,"featured_media":0,"parent":0,"menu_order":0,"comment_status":"closed","ping_status":"closed","template":"","meta":[],"_links":{"self":[{"href":"https:\/\/www.ceam.cl\/web\/wp-json\/wp\/v2\/pages\/1971"}],"collection":[{"href":"https:\/\/www.ceam.cl\/web\/wp-json\/wp\/v2\/pages"}],"about":[{"href":"https:\/\/www.ceam.cl\/web\/wp-json\/wp\/v2\/types\/page"}],"author":[{"embeddable":true,"href":"https:\/\/www.ceam.cl\/web\/wp-json\/wp\/v2\/users\/1"}],"replies":[{"embeddable":true,"href":"https:\/\/www.ceam.cl\/web\/wp-json\/wp\/v2\/comments?post=1971"}],"version-history":[{"count":8,"href":"https:\/\/www.ceam.cl\/web\/wp-json\/wp\/v2\/pages\/1971\/revisions"}],"predecessor-version":[{"id":2461,"href":"https:\/\/www.ceam.cl\/web\/wp-json\/wp\/v2\/pages\/1971\/revisions\/2461"}],"wp:attachment":[{"href":"https:\/\/www.ceam.cl\/web\/wp-json\/wp\/v2\/media?parent=1971"}],"curies":[{"name":"wp","href":"https:\/\/api.w.org\/{rel}","templated":true}]}}