{"id":1977,"date":"2024-07-29T01:29:32","date_gmt":"2024-07-29T01:29:32","guid":{"rendered":"https:\/\/www.ceam.cl\/web\/?page_id=1977"},"modified":"2025-09-16T12:24:45","modified_gmt":"2025-09-16T12:24:45","slug":"breve-descripcion-del-programa-de-acompanamiento-familiar-territorial-y-prevencion-focalizada-mewlen-comuna-maule","status":"publish","type":"page","link":"https:\/\/www.ceam.cl\/web\/breve-descripcion-del-programa-de-acompanamiento-familiar-territorial-y-prevencion-focalizada-mewlen-comuna-maule\/","title":{"rendered":"Programa De Acompa\u00f1amiento Familiar Territorial Y Prevenci\u00f3n Focalizada Mewlen \u2013 Comuna Maule"},"content":{"rendered":"\n<p style=\"text-align:justify\">El <strong>Programa de Acompa\u00f1amiento Territorial \u2013 AFT:<\/strong> est\u00e1 <strong>dirigido a la intervenci\u00f3n a ni\u00f1os, ni\u00f1as y adolescentes en situaci\u00f3n de desprotecci\u00f3n inicial e intermedia<\/strong>, que cuenten con familia o adulto a cargo del cuidado para realizar un proceso terap\u00e9utico y de fortalecimiento de sus v\u00ednculos, a cargo de acompa\u00f1antes terap\u00e9uticos, Trabajador Social y Psic\u00f3logo.<\/p>\n\n\n\n<p style=\"text-align:justify\">El <strong>Programa de Prevenci\u00f3n Focaliza<\/strong> <strong>&#8211; PF<\/strong>, desarrolla acciones que favorezcan el fortalecimiento de las potencialidades, del ni\u00f1o, ni\u00f1a o adolescente, de sus hermanos (si existen) de sus familias o figuras de cuidados, orientado al desarrollo de habilidades y factores protectores que favorezcan su protecci\u00f3n integral, que se encuentra a cargo de Gestores Territoriales, profesionales trabajador\/a social.<\/p>\n\n\n\n<p>Ambos programas conforman un \u201c<strong>Modelo Integrado de Intervenci\u00f3n\u201d<\/strong> que cuenta con:<\/p>\n\n\n\n<ul>\n<li><strong>Directora:<\/strong> Pamela Alejandra Valdebenito Troncoso \u2013 RUT 12.29.7043-4 &#8211; Asistente social<\/li>\n\n\n\n<li><strong>Jefe T\u00e9cnico:<\/strong> Juan Salustio Lara Ruiz \u2013 RUT 9.528.355-1 &#8211; Asistente social<\/li>\n\n\n\n<li><strong>Acompa\u00f1antes terap\u00e9uticos:<\/strong><\/li>\n<\/ul>\n\n\n\n<p>Jeraly Magdalena Corveleyn Mu\u00f1oz &#8211; RUT 19.044.108-3 \u2013 Psic\u00f3loga<\/p>\n\n\n\n<p>Sara Alejandra Letelier Gonz\u00e1lez \u2013 RUT 16.456.148-8 &#8211; Licenciada en trabajo social<\/p>\n\n\n\n<p>Ana Claudina C\u00e1ceres Morales \u2013 RUT 15.596.638-6 &#8211; Trabajadora social licenciada en trabajo social<\/p>\n\n\n\n<p>Luisa Bel\u00e9n Vald\u00e9s Vergara \u2013 RUT 20.009.496-4 \u2013 Psic\u00f3loga<\/p>\n\n\n\n<p>Krishna Anais Gonz\u00e1lez S\u00e1nchez \u2013 RUT 20.304.737-1 &#8211; Psic\u00f3loga<\/p>\n\n\n\n<p>Mar\u00eda Natalia Gajardo Gajardo \u2013 RUT 19.807.847-6 &#8211; Psic\u00f3loga<\/p>\n\n\n\n<p>Natalia Fernanda Rebolledo Orellana &#8211; RUT 18.474.906-8 \u2013 Asistente social<\/p>\n\n\n\n<p>Carolina Paz Rojas Albornoz \u2013 RUT 14.345.873-3 \u2013 Asistente social<\/p>\n\n\n\n<p>Diego Ignacio Palma Flores \u2013 RUT 17.496.880-2 &#8211; Asistente social<\/p>\n\n\n\n<ul>\n<li><strong>Gestores territoriales:<\/strong><\/li>\n<\/ul>\n\n\n\n<p>Dafne D\u00e1nae Alberti Cerpa \u2013 RUT 20.564.709-0 &#8211; Trabajadora social<\/p>\n\n\n\n<ul>\n<li><strong>Personal Administrativo:<\/strong><\/li>\n<\/ul>\n\n\n\n<p>Lady Nicol Garces Rebolledo \u2013 RUT 17.039.242-6 &#8211; secretaria<\/p>\n\n\n\n<ul>\n<li><strong>Auxiliar de Aseo:<\/strong><\/li>\n<\/ul>\n\n\n\n<p>Geraldine Elizabeth Garrido Avil\u00e9s \u2013 Rut 17835167-2<\/p>\n\n\n\n<p style=\"text-align:justify\">Actualmente el Programa AFT PF MEWLEN se encuentra <strong>ubicado en avenida Duao N\u00b034, sector Maule Norte, de la comuna de Maule.<\/strong><\/p>\n\n\n\n<p>Plazas convenidas: 80 NNA<\/p>\n\n\n\n<p>El periodo de vigencia del programa actual es desde enero 2024 a marzo 2026. (2 a\u00f1os 3 meses)<\/p>\n\n\n\n<p>En la actualidad cuenta con <strong>109 ni\u00f1os, ni\u00f1as y adolescentes ingresados vigentes<\/strong>.<\/p>\n\n\n\n<p style=\"text-align:justify\">Directora Pamela Valdebenito Troncoso, quien dirige el programa desde su apertura en el mes de enero del 2024.<\/p>\n\n\n\n<p style=\"text-align:justify\">El equipo se encuentra conformado por 5 duplas psicosociales y 3 gestores territoriales (profesionales del \u00e1rea de las ciencias sociales), secretaria y personal de aseo.<\/p>\n\n\n\n<p><strong>Datos de contacto del programa:<\/strong><\/p>\n\n\n\n<p><a href=\"mailto:aftpfmewlen@ceam.cl\">aftpfmewlen@ceam.cl<\/a> \u2013 <a href=\"mailto:directoraaftpfmewlen@ceam.cl\">directoraaftpfmewlen@ceam.cl<\/a> \u2013 <a href=\"mailto:jefetecnicomewlen@ceam.cl\">jefetecnicomewlen@ceam.cl<\/a><\/p>\n\n\n\n<p>+56942201485 Celular<\/p>\n\n\n\n<p>233606439 Red Fija<\/p>\n","protected":false},"excerpt":{"rendered":"<p>El Programa de Acompa\u00f1amiento Territorial \u2013 AFT: est\u00e1 dirigido a la intervenci\u00f3n a ni\u00f1os, ni\u00f1as y adolescentes en situaci\u00f3n de desprotecci\u00f3n inicial e intermedia, que cuenten con familia o adulto [&hellip;]<\/p>\n","protected":false},"author":1,"featured_media":0,"parent":0,"menu_order":0,"comment_status":"closed","ping_status":"closed","template":"","meta":[],"_links":{"self":[{"href":"https:\/\/www.ceam.cl\/web\/wp-json\/wp\/v2\/pages\/1977"}],"collection":[{"href":"https:\/\/www.ceam.cl\/web\/wp-json\/wp\/v2\/pages"}],"about":[{"href":"https:\/\/www.ceam.cl\/web\/wp-json\/wp\/v2\/types\/page"}],"author":[{"embeddable":true,"href":"https:\/\/www.ceam.cl\/web\/wp-json\/wp\/v2\/users\/1"}],"replies":[{"embeddable":true,"href":"https:\/\/www.ceam.cl\/web\/wp-json\/wp\/v2\/comments?post=1977"}],"version-history":[{"count":9,"href":"https:\/\/www.ceam.cl\/web\/wp-json\/wp\/v2\/pages\/1977\/revisions"}],"predecessor-version":[{"id":2459,"href":"https:\/\/www.ceam.cl\/web\/wp-json\/wp\/v2\/pages\/1977\/revisions\/2459"}],"wp:attachment":[{"href":"https:\/\/www.ceam.cl\/web\/wp-json\/wp\/v2\/media?parent=1977"}],"curies":[{"name":"wp","href":"https:\/\/api.w.org\/{rel}","templated":true}]}}