{"id":1981,"date":"2024-07-29T01:54:24","date_gmt":"2024-07-29T01:54:24","guid":{"rendered":"https:\/\/www.ceam.cl\/web\/?page_id=1981"},"modified":"2025-09-16T12:40:32","modified_gmt":"2025-09-16T12:40:32","slug":"programa-de-proteccion-especializada-para-ninos-ninas-y-adolescentes-con-consumo-problematico-de-alcohol-y-u-otras-drogas-programa-24-horas","status":"publish","type":"page","link":"https:\/\/www.ceam.cl\/web\/programa-de-proteccion-especializada-para-ninos-ninas-y-adolescentes-con-consumo-problematico-de-alcohol-y-u-otras-drogas-programa-24-horas\/","title":{"rendered":"Programa de Protecci\u00f3n Especializada para ni\u00f1os, ni\u00f1as y adolescentes con consumo problem\u00e1tico de Alcohol y\/u otras drogas \u2013 Programa 24 Horas."},"content":{"rendered":"\n<p style=\"text-align:justify\">El programa 24 horas se define como un modelo de gesti\u00f3n territorial intersectorial, con el objetivo de llevar a cabo un trabajo integral y complementario entre las dimensiones biopsicosociales, realizando intervenciones integrales, interdisciplinarias y en red.<\/p>\n\n\n\n<p style=\"text-align:justify\">En el marco del programa 24 horas se desarrolla la modalidad de tratamiento del consumo problem\u00e1tico de alcohol y\/u otras drogas -PDC, que tiene por objetivo:<\/p>\n\n\n\n<ul>\n<li style=\"text-align:justify\">Contribuir a la construcci\u00f3n de un proyecto de vida libre de drogas en los ni\u00f1os, ni\u00f1as y adolescentes del Circuito 24 horas.<\/li>\n<\/ul>\n\n\n\n<p style=\"text-align:justify\">Abordando aspectos como la problematizaci\u00f3n de las consecuencias del consumo habitual o problem\u00e1tico de alcohol y\/u otras drogas, favorecer las condiciones para la interrupci\u00f3n del consumo habitual o problem\u00e1tico, promover en los ni\u00f1os, ni\u00f1as y adolescentes la participaci\u00f3n en actividades socio comunitarias que fomenten el uso constructivo del tiempo libre, promover la generaci\u00f3n de nuevas formas de interacci\u00f3n en las familias o adultos significativos que favorezcan un proyecto de vida libre de drogas, desarrollar acciones de coordinaci\u00f3n y colaboraci\u00f3n permanente con dispositivos de intervenci\u00f3n especializada del Circuito 24 horas y\/o de la red de atenci\u00f3n local especializada y la sensibilizaci\u00f3n de instituciones locales y miembros de la comunidad respecto de la relevancia de una vida libre de drogas.<\/p>\n\n\n\n<p>&nbsp;2.- El periodo de vigencia del programa actual es desde junio de 2024 a junio de 2025.<\/p>\n\n\n\n<p>3.- Plazas convenidas para el programa: 40 plazas.<\/p>\n\n\n\n<p>4.- El equipo del programa est\u00e1 compuesto por:<\/p>\n\n\n\n<p><strong>&#8211;&nbsp; Directora:<\/strong><\/p>\n\n\n\n<p>CLAUDIA PATRICIA MORALES CARRION \u2013 RUT 14.018.117-K \u2013 TRABAJADORA SOCIAL<\/p>\n\n\n\n<p style=\"text-align:justify\">Encargado de dirigir t\u00e9cnica y administrativamente el proyecto a trav\u00e9s de su asesor\u00eda y acompa\u00f1amiento relativo a las funciones del personal a su cargo, en virtud de las orientaciones t\u00e9cnicas, objetivos y metas establecidas para el programa.<\/p>\n\n\n\n<ul>\n<li><strong>Coordinador\/a de procesos de Intervenci\u00f3n Cl\u00ednica:<\/strong><\/li>\n<\/ul>\n\n\n\n<p>DENISA MARLEN CARRASCO VALDES \u2013 RUT 20.306.644-9 &#8211; PSICOLOGA<\/p>\n\n\n\n<p style=\"text-align:justify\">Liderar procesos de intervenci\u00f3n psicol\u00f3gica asociado al tratamiento del abuso de sustancias de ni\u00f1os, ni\u00f1as y adolescentes atendidos en el proyecto, realizando terapia individual-grupal, coordinando procesos interventivos interdisciplinarios.<\/p>\n\n\n\n<ul>\n<li><strong>Coordinador\/a de Redes:<\/strong><\/li>\n<\/ul>\n\n\n\n<p>LUIS CARLOS MU\u00d1OZ SAAVEDRA \u2013 RUT 19.937.039-1 &#8211; TRABAJADOR SOCIAL<\/p>\n\n\n\n<p style=\"text-align:justify\">Coordinaci\u00f3n de redes que fortalezcan los procesos de intervenci\u00f3n del ni\u00f1os, ni\u00f1a o adolescente asociado a la superaci\u00f3n de vulneraci\u00f3n de derechos referente al consumo habitual o problem\u00e1tico de alcohol y\/u otras drogas, que sean atendidos en el proyecto. De la misma forma, establecer relaciones de colaboraci\u00f3n con instituciones p\u00fablicas o privadas articulando recursos, generando redes de apoyo, beneficiando los procesos de intervenci\u00f3n.<\/p>\n\n\n\n<ul>\n<li><strong>Responsable de Implementaci\u00f3n de componentes ocupacionales:<\/strong><\/li>\n<\/ul>\n\n\n\n<p>PIA ANDREINA OSORIO SANTOS \u2013 RUT 19.789.709-0 &#8211; TERAPEUTA OCUPACIONAL<\/p>\n\n\n\n<p style=\"text-align:justify\">Responsable del dise\u00f1o, elaboraci\u00f3n y puesta en marcha de actividades orientadas a la rehabilitaci\u00f3n social, f\u00edsica, cognitiva y ocupacional de los usuarios.&nbsp;<\/p>\n\n\n\n<ul>\n<li><strong>Responsable de procesos de intervenci\u00f3n psico-comunitaria:<\/strong><\/li>\n<\/ul>\n\n\n\n<p>VALENTINA RUIZ \u2013 RUT 20.022.069-2 &#8211; TECNICO EN PREVENCION Y REHABILITACION DE DROGODEPENDENCIA.<\/p>\n\n\n\n<p>DONKAN ALEXANDER SEGUEL VILLAGRA \u2013 RUT 20.069.171-7 &#8211; TECNICO EN TRANAJO SOCIAL<\/p>\n\n\n\n<p style=\"text-align:justify\">Conducir las l\u00edneas de intervenci\u00f3n referente al \u00e1mbito individual y grupal con orientaci\u00f3n psico comunitaria, incidiendo favorablemente en la modificaci\u00f3n de patrones de consumo habitual o problem\u00e1tico.<\/p>\n\n\n\n<ul>\n<li><strong>Responsable de atenci\u00f3n psiqui\u00e1trica:<\/strong><\/li>\n<\/ul>\n\n\n\n<p style=\"text-align:justify\">Responsable de evaluar a usuarios, dise\u00f1ar esquemas farmacol\u00f3gicos y monitorearlos en el tiempo, en el marco del tratamiento del consumo de sustancias.<\/p>\n\n\n\n<p>Directora: Claudia Morales Carri\u00f3n<\/p>\n\n\n\n<p>Correo Programa: <a href=\"mailto:pdctalca@ceam.cl\">pdctalca@ceam.cl<\/a><\/p>\n\n\n\n<p>Correo directora: <a href=\"mailto:directorapdctalca@ceam.cl\">directorapdctalca@ceam.cl<\/a><\/p>\n\n\n\n<p>Fono: 71-2233722<\/p>\n\n\n\n<p>Direcci\u00f3n Programa: 17 norte 5 Oriente #1219<\/p>\n","protected":false},"excerpt":{"rendered":"<p>El programa 24 horas se define como un modelo de gesti\u00f3n territorial intersectorial, con el objetivo de llevar a cabo un trabajo integral y complementario entre las dimensiones biopsicosociales, realizando [&hellip;]<\/p>\n","protected":false},"author":1,"featured_media":0,"parent":0,"menu_order":0,"comment_status":"closed","ping_status":"closed","template":"","meta":[],"_links":{"self":[{"href":"https:\/\/www.ceam.cl\/web\/wp-json\/wp\/v2\/pages\/1981"}],"collection":[{"href":"https:\/\/www.ceam.cl\/web\/wp-json\/wp\/v2\/pages"}],"about":[{"href":"https:\/\/www.ceam.cl\/web\/wp-json\/wp\/v2\/types\/page"}],"author":[{"embeddable":true,"href":"https:\/\/www.ceam.cl\/web\/wp-json\/wp\/v2\/users\/1"}],"replies":[{"embeddable":true,"href":"https:\/\/www.ceam.cl\/web\/wp-json\/wp\/v2\/comments?post=1981"}],"version-history":[{"count":7,"href":"https:\/\/www.ceam.cl\/web\/wp-json\/wp\/v2\/pages\/1981\/revisions"}],"predecessor-version":[{"id":2467,"href":"https:\/\/www.ceam.cl\/web\/wp-json\/wp\/v2\/pages\/1981\/revisions\/2467"}],"wp:attachment":[{"href":"https:\/\/www.ceam.cl\/web\/wp-json\/wp\/v2\/media?parent=1981"}],"curies":[{"name":"wp","href":"https:\/\/api.w.org\/{rel}","templated":true}]}}