{"id":2478,"date":"2025-09-22T11:08:20","date_gmt":"2025-09-22T11:08:20","guid":{"rendered":"https:\/\/www.ceam.cl\/web\/?page_id=2478"},"modified":"2025-09-22T18:31:42","modified_gmt":"2025-09-22T18:31:42","slug":"satisfaccion-de-usuarios","status":"publish","type":"page","link":"https:\/\/www.ceam.cl\/web\/satisfaccion-de-usuarios\/","title":{"rendered":"Sistema de evaluaci\u00f3n de satisfacci\u00f3n de usuarios\u00a0"},"content":{"rendered":"\n<br>\n\n\n\n<div class=\"wp-block-file\"><a id=\"wp-block-file--media-ec98ddd8-1c20-42d5-be7f-42a85fa7364a\" href=\"http:\/\/www.ceam.cl\/web\/wp-content\/uploads\/2025\/09\/Encuesta-de-satisfaccion-usuaria-Adolescentes.pdf\" target=\"_blank\" rel=\"noreferrer noopener\" style=\"display:inline-block; width:300px; overflow:hidden; text-overflow:ellipsis; white-space:nowrap;\">ENCUESTA DE SATISFACCI\u00d3N USUARIA ADOLESCENTES<\/a><a href=\"http:\/\/www.ceam.cl\/web\/wp-content\/uploads\/2025\/09\/Encuesta-de-satisfaccion-usuaria-Adolescentes.pdf\" class=\"wp-block-file__button wp-element-button\" download aria-describedby=\"wp-block-file--media-ec98ddd8-1c20-42d5-be7f-42a85fa7364a\">Descarga<\/a><\/div>\n\n\n\n<div class=\"wp-block-file\"><a id=\"wp-block-file--media-4f894d0d-1236-41f7-b4f9-4d44b3a478db\" href=\"https:\/\/www.ceam.cl\/web\/wp-content\/uploads\/2025\/09\/Encuesta-de-satisfaccion-usuaria-Adultos.pdf\" target=\"_blank\" rel=\"noreferrer noopener\" style=\"display:inline-block; width:300px; overflow:hidden; text-overflow:ellipsis; white-space:nowrap;\">ENCUESTA DE SATISFACCI\u00d3N USUARIA ADULTOS<\/a><a href=\"https:\/\/www.ceam.cl\/web\/wp-content\/uploads\/2025\/09\/Encuesta-de-satisfaccion-usuaria-Adultos.pdf\" class=\"wp-block-file__button wp-element-button\" download aria-describedby=\"wp-block-file--media-4f894d0d-1236-41f7-b4f9-4d44b3a478db\">Descarga<\/a><\/div>\n\n\n\n<div class=\"wp-block-file\"><a id=\"wp-block-file--media-5594c2aa-fcfa-4550-bd9e-e55c49ecc5e0\" href=\"https:\/\/www.ceam.cl\/web\/wp-content\/uploads\/2025\/09\/Encuesta-de-satisfaccion-usuaria-ninos-y-ninas.pdf\" target=\"_blank\" rel=\"noreferrer noopener\" style=\"display:inline-block; width:300px; overflow:hidden; text-overflow:ellipsis; white-space:nowrap;\">ENCUESTA DE SATISFACCI\u00d3N USUARIA NI\u00d1OS Y NI\u00d1AS<\/a><a href=\"https:\/\/www.ceam.cl\/web\/wp-content\/uploads\/2025\/09\/Encuesta-de-satisfaccion-usuaria-ninos-y-ninas.pdf\" class=\"wp-block-file__button wp-element-button\" download aria-describedby=\"wp-block-file--media-5594c2aa-fcfa-4550-bd9e-e55c49ecc5e0\">Descarga<\/a><\/div>\n\n\n\n<div class=\"wp-block-file\"><a id=\"wp-block-file--media-3959836e-c117-47d4-947d-085e54cdcbdc\" href=\"http:\/\/www.ceam.cl\/web\/wp-content\/uploads\/2025\/09\/RESULTADOS-ENC.-SATISFACCION-FAMILIAS-2025.pdf\" target=\"_blank\" rel=\"noreferrer noopener\" style=\"display:inline-block; width:300px; overflow:hidden; text-overflow:ellipsis; white-space:nowrap;\">RESULTADOS ENC. SATISFACCI\u00d3N FAMILIAS 2025<\/a><a href=\"http:\/\/www.ceam.cl\/web\/wp-content\/uploads\/2025\/09\/RESULTADOS-ENC.-SATISFACCION-FAMILIAS-2025.pdf\" class=\"wp-block-file__button wp-element-button\" download aria-describedby=\"wp-block-file--media-3959836e-c117-47d4-947d-085e54cdcbdc\">Descarga<\/a><\/div>\n\n\n\n<div class=\"wp-block-file\"><a id=\"wp-block-file--media-8b33b8ec-f48c-4669-93d8-56c1f6c315b5\" href=\"http:\/\/www.ceam.cl\/web\/wp-content\/uploads\/2025\/09\/RESULTADOS-ENC.-SATISFACCION-NNA-2025.docx.pdf\" target=\"_blank\" rel=\"noreferrer noopener\" style=\"display:inline-block; width:300px; overflow:hidden; text-overflow:ellipsis; white-space:nowrap;\">RESULTADOS ENC. SATISFACCI\u00d3N NNA 2025<\/a><a href=\"http:\/\/www.ceam.cl\/web\/wp-content\/uploads\/2025\/09\/RESULTADOS-ENC.-SATISFACCION-NNA-2025.docx.pdf\" class=\"wp-block-file__button wp-element-button\" download aria-describedby=\"wp-block-file--media-8b33b8ec-f48c-4669-93d8-56c1f6c315b5\">Descarga<\/a><\/div>\n\n\n\n<hr>\n\n\n\n<div class=\"wp-block-file\"><a id=\"wp-block-file--media-8013206a-a6aa-4452-8138-91d8ca4d7026\" href=\"http:\/\/www.ceam.cl\/web\/wp-content\/uploads\/2025\/09\/VALUACION-DE-PROGRAMAS-AFT-PF-2024.pdf\" target=\"_blank\" rel=\"noreferrer noopener\" style=\"display:inline-block; width:300px; overflow:hidden; text-overflow:ellipsis; white-space:nowrap;\">EVALUACI\u00d3N DE PROGRAMAS AFT-PF 2024<\/a><a href=\"http:\/\/www.ceam.cl\/web\/wp-content\/uploads\/2025\/09\/VALUACION-DE-PROGRAMAS-AFT-PF-2024.pdf\" class=\"wp-block-file__button wp-element-button\" download aria-describedby=\"wp-block-file--media-8013206a-a6aa-4452-8138-91d8ca4d7026\">Descarga<\/a><\/div>\n","protected":false},"excerpt":{"rendered":"<p>ENCUESTA DE SATISFACCI\u00d3N USUARIA ADOLESCENTESDescarga ENCUESTA DE SATISFACCI\u00d3N USUARIA ADULTOSDescarga ENCUESTA DE SATISFACCI\u00d3N USUARIA NI\u00d1OS Y NI\u00d1ASDescarga RESULTADOS ENC. SATISFACCI\u00d3N FAMILIAS 2025Descarga RESULTADOS ENC. SATISFACCI\u00d3N NNA 2025Descarga EVALUACI\u00d3N DE PROGRAMAS [&hellip;]<\/p>\n","protected":false},"author":1,"featured_media":0,"parent":0,"menu_order":0,"comment_status":"closed","ping_status":"closed","template":"","meta":[],"_links":{"self":[{"href":"https:\/\/www.ceam.cl\/web\/wp-json\/wp\/v2\/pages\/2478"}],"collection":[{"href":"https:\/\/www.ceam.cl\/web\/wp-json\/wp\/v2\/pages"}],"about":[{"href":"https:\/\/www.ceam.cl\/web\/wp-json\/wp\/v2\/types\/page"}],"author":[{"embeddable":true,"href":"https:\/\/www.ceam.cl\/web\/wp-json\/wp\/v2\/users\/1"}],"replies":[{"embeddable":true,"href":"https:\/\/www.ceam.cl\/web\/wp-json\/wp\/v2\/comments?post=2478"}],"version-history":[{"count":17,"href":"https:\/\/www.ceam.cl\/web\/wp-json\/wp\/v2\/pages\/2478\/revisions"}],"predecessor-version":[{"id":2520,"href":"https:\/\/www.ceam.cl\/web\/wp-json\/wp\/v2\/pages\/2478\/revisions\/2520"}],"wp:attachment":[{"href":"https:\/\/www.ceam.cl\/web\/wp-json\/wp\/v2\/media?parent=2478"}],"curies":[{"name":"wp","href":"https:\/\/api.w.org\/{rel}","templated":true}]}}