{"id":2694,"date":"2026-05-14T02:06:50","date_gmt":"2026-05-14T02:06:50","guid":{"rendered":"https:\/\/www.ceam.cl\/web\/?page_id=2694"},"modified":"2026-05-14T02:07:40","modified_gmt":"2026-05-14T02:07:40","slug":"programa-de-proteccion-especializada-en-maltrato-y-abuso-sexual-grave-prm-kume-ceam","status":"publish","type":"page","link":"https:\/\/www.ceam.cl\/web\/programa-de-proteccion-especializada-en-maltrato-y-abuso-sexual-grave-prm-kume-ceam\/","title":{"rendered":"Programa de Protecci\u00f3n Especializada en Maltrato y Abuso Sexual Grave PRM Kume-Ceam"},"content":{"rendered":"\n<p><\/p>\n\n\n\n<p><\/p>\n\n\n\n<p class=\"texto-justificado\">Su objetivo es contribuir a garantizar la protecci\u00f3n y el proceso reparatorio de ni\u00f1os, ni\u00f1as y\/o adolescentes que han sufrido maltrato f\u00edsico o psicol\u00f3gico grave, constitutivo de delito, y\/o agresi\u00f3n sexual infantil, buscando la disminuci\u00f3n de la sintomatolog\u00eda a nivel f\u00edsico, emocional y conductual, para el pleno ejercicio de sus derechos y desarrollo integral.<\/p>\n\n\n\n<p>&nbsp;Este programa cuenta con el siguiente equipo:<\/p>\n\n\n\n<ul class=\"texto-justificado\">\n<li>Claudia Andrea Zepeda Guti\u00e9rrez \u2013 Rut 12.291.272-8, Directora -Trabajadora Social<\/li>\n\n\n\n<li>Camila Loreto Jara Bustos&nbsp; \u2013 Rut 19.044.115-6 , Abogada<\/li>\n\n\n\n<li>Silvanita del Rosario Castro Espinoza &nbsp;\u2013 Rut 15.140.103-1, Asistente Social<\/li>\n\n\n\n<li>Mar\u00eda Joss\u00e9 Gonz\u00e1lez Norambuena \u2013 Rut 19.706.104-9, Trabajadora Social<\/li>\n\n\n\n<li>Sof\u00eda Ester Gonz\u00e1lez Burgos \u2013 Rut 19.389.801-7, Psic\u00f3loga<\/li>\n\n\n\n<li>Suleymar Paz Morales Roca \u2013 Rut 18.982.855-1, Psic\u00f3loga<\/li>\n\n\n\n<li>Pia Camila Ortiz Pereira \u2013 Rut 19.807.700-3, Psic\u00f3loga<\/li>\n\n\n\n<li>Carolina In\u00e9s Graavendaal N\u00fa\u00f1ez \u2013 Rut 15.436.438-2, Secretaria<\/li>\n<\/ul>\n\n\n\n<p class=\"texto-justificado\">Actualmente el Programa se encuentra ubicado en Pasaje Cerro Azul N\u00b01934,&nbsp; comuna de San Clemente.<\/p>\n\n\n\n<p class=\"texto-justificado\">Cuenta con 89 ni\u00f1os, ni\u00f1as y adolescentes ingresados.<\/p>\n\n\n\n<p class=\"texto-justificado\">El periodo de vigencia del programa actual es desde Diciembre 2025 a marzo 2026 ( 1 a\u00f1o 3 meses)<\/p>\n\n\n\n<p class=\"texto-justificado\">Su directora es Claudia Zepeda Guti\u00e9rrez, quien dirige el programa desde su apertura en el mes de diciembre del 2025.<\/p>\n\n\n\n<p class=\"texto-justificado\">El equipo se encuentra conformado por 2 duplas psicosociales, 1 Abogada y Secretaria.<\/p>\n\n\n\n<p><strong>Datos de contacto del programa:<\/strong><\/p>\n\n\n\n<p><a href=\"mailto:prmkume@ceam.cl\">prmkume@ceam.cl<\/a>&nbsp; \u2013&nbsp;<a href=\"mailto:directoraprmkume@ceam.cl\">directoraprmkume@ceam.cl<\/a><\/p>\n\n\n\n<p>+56942262488&nbsp; Celular<\/p>\n","protected":false},"excerpt":{"rendered":"<p>Su objetivo es contribuir a garantizar la protecci\u00f3n y el proceso reparatorio de ni\u00f1os, ni\u00f1as y\/o adolescentes que han sufrido maltrato f\u00edsico o psicol\u00f3gico grave, constitutivo de delito, y\/o agresi\u00f3n [&hellip;]<\/p>\n","protected":false},"author":1,"featured_media":0,"parent":0,"menu_order":0,"comment_status":"closed","ping_status":"closed","template":"","meta":[],"_links":{"self":[{"href":"https:\/\/www.ceam.cl\/web\/wp-json\/wp\/v2\/pages\/2694"}],"collection":[{"href":"https:\/\/www.ceam.cl\/web\/wp-json\/wp\/v2\/pages"}],"about":[{"href":"https:\/\/www.ceam.cl\/web\/wp-json\/wp\/v2\/types\/page"}],"author":[{"embeddable":true,"href":"https:\/\/www.ceam.cl\/web\/wp-json\/wp\/v2\/users\/1"}],"replies":[{"embeddable":true,"href":"https:\/\/www.ceam.cl\/web\/wp-json\/wp\/v2\/comments?post=2694"}],"version-history":[{"count":4,"href":"https:\/\/www.ceam.cl\/web\/wp-json\/wp\/v2\/pages\/2694\/revisions"}],"predecessor-version":[{"id":2700,"href":"https:\/\/www.ceam.cl\/web\/wp-json\/wp\/v2\/pages\/2694\/revisions\/2700"}],"wp:attachment":[{"href":"https:\/\/www.ceam.cl\/web\/wp-json\/wp\/v2\/media?parent=2694"}],"curies":[{"name":"wp","href":"https:\/\/api.w.org\/{rel}","templated":true}]}}