{"id":2702,"date":"2026-05-14T02:13:27","date_gmt":"2026-05-14T02:13:27","guid":{"rendered":"https:\/\/www.ceam.cl\/web\/?page_id=2702"},"modified":"2026-05-14T02:13:27","modified_gmt":"2026-05-14T02:13:27","slug":"programa-de-proteccion-especializada-en-maltrato-y-abuso-sexual-grave-prm-ceam-san-javier","status":"publish","type":"page","link":"https:\/\/www.ceam.cl\/web\/programa-de-proteccion-especializada-en-maltrato-y-abuso-sexual-grave-prm-ceam-san-javier\/","title":{"rendered":"Programa de Protecci\u00f3n Especializada en Maltrato y Abuso Sexual Grave, PRM Ceam-San Javier"},"content":{"rendered":"\n<p class=\"texto-justificado\">Su objetivo es contribuir a garantizar la protecci\u00f3n y el proceso reparatorio de ni\u00f1os, ni\u00f1as y\/o adolescentes que han sufrido maltrato f\u00edsico o psicol\u00f3gico grave, constitutivo de delito, y\/o agresi\u00f3n sexual infantil, buscando la disminuci\u00f3n de la sintomatolog\u00eda a nivel f\u00edsico, emocional y conductual, para el pleno ejercicio de sus derechos y desarrollo integral.<\/p>\n\n\n\n<p>Este programa cuenta con el siguiente equipo:<\/p>\n\n\n\n<ul class=\"texto-justificado\">\n<li>Cecilia&nbsp; Paz Villena Fern\u00e1ndez \u2013 Rut 16.793.020-4 , Directora -Trabajadora Social<\/li>\n\n\n\n<li>Camila Loreto Jara Bustos &nbsp;\u2013 Rut 19.044.115-6 , Abogada<\/li>\n\n\n\n<li>Margarita Andrea Orellana Roa \u2013 Rut 16.793.763-2, Trabajadora Social<\/li>\n\n\n\n<li>Lupe Elizabeth Villagra L\u00f3pez \u2013 Rut 9.263.981-9, Trabajadora Social<\/li>\n\n\n\n<li>Carolina Ang\u00e9lica Riveros Reyes \u2013 Rut 18.673.632-K, Trabajadora Social<\/li>\n\n\n\n<li>Sof\u00eda Valentina Riffo C\u00f3rdova, Rut 20.489.858-8, Asistente Social<\/li>\n\n\n\n<li>Alexander Humberto Leyton Salas \u2013 Rut 18.227.169-1, Psic\u00f3logo<\/li>\n\n\n\n<li>Karina Constanza R\u00edos Flores \u2013 Rut 19.009.680-7, Psic\u00f3loga<\/li>\n\n\n\n<li>Mar\u00eda Natalia Gajardo Gajardo &#8211; Rut 19.807.847-6, Psic\u00f3loga<\/li>\n\n\n\n<li>Francisca Anabella Rodr\u00edguez Llancalahuen \u2013 Rut 19.744.195-K, Psic\u00f3loga<\/li>\n\n\n\n<li>Daniela Patricia Salgado Reyes, Rut 19.789.281-1, Psic\u00f3loga<\/li>\n\n\n\n<li>Claudia Solange Luengo Tapia \u2013 14.288.948-K , Secretaria<\/li>\n<\/ul>\n\n\n\n<p class=\"texto-justificado\">El Programa se encuentra ubicado en Pasaje Las Orqu\u00eddeas N\u00b0 1620, Villa Las Salinas, comuna de San Javier, Regi\u00f3n del Maule.<\/p>\n\n\n\n<p class=\"texto-justificado\">Cuenta con 125 ni\u00f1os, ni\u00f1as y adolescentes ingresados.<\/p>\n\n\n\n<p class=\"texto-justificado\">El periodo de vigencia del programa actual es desde diciembre 2025 a Diciembre 2026. (1 a\u00f1o)<\/p>\n\n\n\n<p class=\"texto-justificado\">Su Directora es Cecilia Villena Fern\u00e1ndez, quien dirige el programa desde su apertura en el mes de diciembre del 2025.<\/p>\n\n\n\n<p class=\"texto-justificado\">El equipo se encuentra conformado por 4 duplas psicosociales, &nbsp;1 Abogada y Secretaria.<\/p>\n\n\n\n<p><strong>Datos de contacto del programa:<\/strong><\/p>\n\n\n\n<p class=\"texto-justificado\"><a href=\"mailto:prmsajavier@ceam.cl\">prmsajavier@ceam.cl<\/a>&nbsp; \u2013&nbsp;<a href=\"mailto:directoraprmsanjavier@ceam.cl\">directoraprmsanjavier@ceam.cl<\/a><\/p>\n\n\n\n<p class=\"texto-justificado\">+56974158107&nbsp;&nbsp; Celular<\/p>\n","protected":false},"excerpt":{"rendered":"<p>Su objetivo es contribuir a garantizar la protecci\u00f3n y el proceso reparatorio de ni\u00f1os, ni\u00f1as y\/o adolescentes que han sufrido maltrato f\u00edsico o psicol\u00f3gico grave, constitutivo de delito, y\/o agresi\u00f3n [&hellip;]<\/p>\n","protected":false},"author":1,"featured_media":0,"parent":0,"menu_order":0,"comment_status":"closed","ping_status":"closed","template":"","meta":[],"_links":{"self":[{"href":"https:\/\/www.ceam.cl\/web\/wp-json\/wp\/v2\/pages\/2702"}],"collection":[{"href":"https:\/\/www.ceam.cl\/web\/wp-json\/wp\/v2\/pages"}],"about":[{"href":"https:\/\/www.ceam.cl\/web\/wp-json\/wp\/v2\/types\/page"}],"author":[{"embeddable":true,"href":"https:\/\/www.ceam.cl\/web\/wp-json\/wp\/v2\/users\/1"}],"replies":[{"embeddable":true,"href":"https:\/\/www.ceam.cl\/web\/wp-json\/wp\/v2\/comments?post=2702"}],"version-history":[{"count":2,"href":"https:\/\/www.ceam.cl\/web\/wp-json\/wp\/v2\/pages\/2702\/revisions"}],"predecessor-version":[{"id":2704,"href":"https:\/\/www.ceam.cl\/web\/wp-json\/wp\/v2\/pages\/2702\/revisions\/2704"}],"wp:attachment":[{"href":"https:\/\/www.ceam.cl\/web\/wp-json\/wp\/v2\/media?parent=2702"}],"curies":[{"name":"wp","href":"https:\/\/api.w.org\/{rel}","templated":true}]}}